{"id":2743,"date":"2020-12-18T14:37:59","date_gmt":"2020-12-18T13:37:59","guid":{"rendered":"https:\/\/www.officinemeccanichefeletti.com\/front-page\/"},"modified":"2020-12-18T15:59:32","modified_gmt":"2020-12-18T14:59:32","slug":"front-page","status":"publish","type":"page","link":"https:\/\/www.officinemeccanichefeletti.com\/de\/","title":{"rendered":"Front Page"},"content":{"rendered":"<\/p>\n<div id=\"pg-7-0\" class=\"panel-grid panel-has-style\" data-style=\"{\">\n<div class=\"panel-row-style panel-row-style-for-7-0\">\n<div id=\"pgc-7-0-0\" class=\"panel-grid-cell\" data-weight=\"1\">\n<div id=\"panel-7-0-0-0\" class=\"so-panel widget widget_black-studio-tinymce widget_black_studio_tinymce panel-first-child panel-last-child\" data-index=\"0\" data-style=\"{\">\n<h3 class=\"widget-title\">WARUM SOLLEN SIE FELETTI W\u00c4HLEN?<\/h3>\n<div class=\"textwidget\">\n<h4> <span style=\"color: #333333;\" data-mce-style=\"color: #333333;\">DIE H\u00d6CHSTE PR\u00c4ZISION ZU IHREN DIENSTEN <\/span><\/h4>\n<p>Seit \u00fcber 40 Jahren investiert die Werkstatt Feletti ihre Ressourcen in der Entwicklung von innovative Produktionsverfahren. Wir verwenden die fortschrittlichsten CNC-Bearbeitungstechniken und w\u00e4hlen die effektivsten Produktionsmethoden, um die Lieferzeiten zu verk\u00fcrzen und die Qualit\u00e4t des angebotenen Dienstes zu erh\u00f6hen.<br \/>\nDas Ergebnis ist in einem zugeschnittenen Dienst einsehbar, der alle Anforderungen des Kunden befriedigen kann. Der Kunde wird n\u00e4mlich durch das ganzen Bearbeitungsprozess begleitet: Von der Entwurfs- und Prototyping-Phasen bis zur Lieferung des bereits montierten Teils, das zum Einbau in die Maschine f\u00fcr die es konzipiert wurde, fertig ist. <\/p>\n<h4>OFFICINE FELETTI<\/h4>\n<p>Die mechanische Werkstatt Feletti S.a.s, wurde 1975 in Ramera, in der Provinz Treviso (Italien), gegr\u00fcndet und seit \u00fcber 40 Jahren f\u00fchrt mechanische Pr\u00e4zisionsbearbeitungen in Lohnarbeit durch, wie z. B. Fr\u00e4sen und Drehen, Metallschleifen, Prototyping und mechanische Montage.<br \/>\nUnsere Werkstatt ist auf die Produktion von mechanischen Komponenten nach Kundenzeichnung spezialisiert. Daf\u00fcr werden fortschrittliche computergest\u00fctzte Konstruktions- und Fertigungssoftware mit CAD-CAM-Technologie verwendet. Diese Technologie ist durch den Einsatz von numerisch gesteuerten CNC-Maschinen optimiert, wie Vertikale 3-Achs-Bearbeitungszentren mit vollautomatischer Verwaltung und Palettenwechsler: Eine Produktionsl\u00f6sung, die darauf ausgerichtet ist, maximale Pr\u00e4zision in kurzer Zeit und zu reduzierten Kosten zu erreichen.<\/p>\n<h4>UNTERNEHMENSPHILOSOPHIE: H\u00f6he Pr\u00e4zision war noch nie so einfach<\/h4>\n<p>Bei Officine Feletti ist jede Operation darauf abgezielt, h\u00f6chste Qualit\u00e4t und Pr\u00e4zision durch eine Reduzierung der Lieferzeiten und Produktionskosten zu erreichen. Seit Jahren ist Feletti S.a.s auf dem globalen Markt t\u00e4tig und bedient mit Vertraulichkeit und Seriosit\u00e4t wichtige Unternehmen Norditaliens und weltweit t\u00e4tige multinationalen Konzerne.<br \/>\nDank der stets beweisen Zuverl\u00e4ssigkeit, der Offenheit f\u00fcr Forschung und Innovationen, um die Perfektion in den mechanischen Bearbeitungen zu erreichen, sowie dank der Seriosit\u00e4t, dem Engagement und der Vertraulichkeit, k\u00f6nnte die Werkstatt Feletti S.a.s dauerhaften Arbeitsbeziehungen schaffen und erhalten. Nach 30 Jahren Kollaboration w\u00e4hlen die Kunden immer noch die Erfahrung und Pr\u00e4zision eines hochwertigen mechanischen Unternehmens.\n<\/p>\n<\/div>\n<\/div>\n<\/div>\n<\/div>\n<\/div>\n<div id=\"pg-7-1\" class=\"panel-grid panel-no-style\" data-style=\"{\">\n<div id=\"pgc-7-1-0\" class=\"panel-grid-cell\" data-weight=\"0.333333333333\">\n<div id=\"panel-7-1-0-0\" class=\"so-panel widget widget_pt_featured_page widget-featured-page panel-first-child panel-last-child\" data-index=\"1\" data-style=\"{\">\t\t\t\t<div class=\"page-box page-box-- post-2743 page type-page status-publish hentry\">\n\t\t\t\t\t\t\t\t\t<a class=\"page-box__picture\" href=\"https:\/\/www.officinemeccanichefeletti.com\/de\/\"><\/a>\n\t\t\t\t\t\t\t\t\t<div class=\"page-box__content\">\n\t\t\t\t\t\t<h5 class=\"page-box__title  text-uppercase\"><a href=\"https:\/\/www.officinemeccanichefeletti.com\/de\/\"><\/a><\/h5>\n\t\t\t\t\t\t<p> <\/p>\n\t\t\t\t\t\t\t\t\t\t\t<\/div>\n\t\t\t\t<\/div>\n\n\t\t\t<\/h3>\n<\/div>\n<\/div>\n<div id=\"pgc-7-1-1\" class=\"panel-grid-cell\" data-weight=\"0.333333333333\">\n<div id=\"panel-7-1-1-0\" class=\"so-panel widget widget_pt_featured_page widget-featured-page panel-first-child panel-last-child\" data-index=\"2\" data-style=\"{\">\t\t\t\t<div class=\"page-box page-box-- post-2743 page type-page status-publish hentry\">\n\t\t\t\t\t\t\t\t\t<a class=\"page-box__picture\" href=\"https:\/\/www.officinemeccanichefeletti.com\/de\/\"><\/a>\n\t\t\t\t\t\t\t\t\t<div class=\"page-box__content\">\n\t\t\t\t\t\t<h5 class=\"page-box__title  text-uppercase\"><a href=\"https:\/\/www.officinemeccanichefeletti.com\/de\/\"><\/a><\/h5>\n\t\t\t\t\t\t<p> <\/p>\n\t\t\t\t\t\t\t\t\t\t\t<\/div>\n\t\t\t\t<\/div>\n\n\t\t\t<\/h3>\n<\/div>\n<\/div>\n<div id=\"pgc-7-1-2\" class=\"panel-grid-cell\" data-weight=\"0.333333333333\">\n<div id=\"panel-7-1-2-0\" class=\"so-panel widget widget_pt_featured_page widget-featured-page panel-first-child panel-last-child\" data-index=\"3\" data-style=\"{\">\t\t\t\t<div class=\"page-box page-box-- post-2743 page type-page status-publish hentry\">\n\t\t\t\t\t\t\t\t\t<a class=\"page-box__picture\" href=\"https:\/\/www.officinemeccanichefeletti.com\/de\/\"><\/a>\n\t\t\t\t\t\t\t\t\t<div class=\"page-box__content\">\n\t\t\t\t\t\t<h5 class=\"page-box__title  text-uppercase\"><a href=\"https:\/\/www.officinemeccanichefeletti.com\/de\/\"><\/a><\/h5>\n\t\t\t\t\t\t<p> <\/p>\n\t\t\t\t\t\t\t\t\t\t\t<\/div>\n\t\t\t\t<\/div>\n\n\t\t\t<\/h3>\n<\/div>\n<\/div>\n<\/div>\n<div id=\"pg-7-2\" class=\"panel-grid panel-has-style\" data-style=\"{\">\n<div class=\"siteorigin-panels-stretch panel-row-style panel-row-style-for-7-2\" data-stretch-type=\"full\">\n<div id=\"pgc-7-2-0\" class=\"panel-grid-cell\" data-weight=\"1\">\n<div id=\"panel-7-2-0-0\" class=\"so-panel widget widget_pt_banner widget-banner panel-first-child panel-last-child\" data-index=\"4\" data-style=\"{\">\n<div class=\"panel-widget-style panel-widget-style-for-7-2-0-0\">\t\t\t\t<div class=\"banner__text\">\n\t\t\t\t\t\t\t\t\t<\/div>\n\t\t\t\t<div class=\"banner__buttons\">\n\t\t\t\t\t\t\t\t\t<\/div>\n\t\t\t<\/h3>\n<\/div>\n<\/div>\n<\/div>\n<\/div>\n<\/div>\n<div id=\"pg-7-3\" class=\"panel-grid panel-has-style\" data-style=\"{\">\n<div class=\"siteorigin-panels-stretch panel-row-style panel-row-style-for-7-3\" data-stretch-type=\"full\">\n<div id=\"pgc-7-3-0\" class=\"panel-grid-cell\" data-weight=\"1\">\n<div id=\"panel-7-3-0-0\" class=\"so-panel widget widget_text panel-first-child panel-last-child\" data-index=\"5\" data-style=\"{\">\n<h3 class=\"widget-title\">News<\/h3>\n<div class=\"textwidget\"><img loading=\"lazy\" decoding=\"async\" src=\"data:image\/gif;base64,R0lGODlhAQABAIAAAAAAAP\/\/\/yH5BAEAAAAALAAAAAABAAEAAAIBRAA7\" data-wp-preserve=\"%3Cscript%20type%3D%22text%2Fjavascript%22%3EjQuery(document).ready(function(%24)%7Bvar%20config%20%3D%20%7Bfeeds%3A%20%7Bfacebook%3A%20%7Burl%3A%20%22https%3A%2F%2Fwww.officinemeccanichefeletti.com%2Fwp-content%2Fplugins%2Fwordpress-social-stream%2Finc%2Fdcwp_facebook.php%22%2Cid%3A%20%221119354841481088%22%2Cintro%3A%20%22Posted%22%2Ccomments%3A%200%2Cimage_width%3A%206%2Cfeed%3A%20%22feed%22%2Cout%3A%20%22intro%2Cthumb%2Ctitle%2Ctext%2Cuser%2Cshare%22%7D%7D%2Cremove%3A%22%22%2Cmax%3A%20%22limit%22%2Cdays%3A%204%2Climit%3A%204%2Cfilter%3A%20false%2Cspeed%3A%20600%2Crotate%3A%20%7Bdelay%3A%200%2C%20direction%3A%20%22up%22%7D%2Cwall%3A%20true%2Ccontainer%3A%20%22dcwss%22%2Ccstream%3A%20%22stream%22%2Ccontent%3A%20%22dcwss-content%22%2CimagePath%3A%20%22https%3A%2F%2Fwww.officinemeccanichefeletti.com%2Fwp-content%2Fplugins%2Fwordpress-social-stream%2Fimages%2Fdcwss-dark%2F%22%2CiconPath%3A%20%22https%3A%2F%2Fwww.officinemeccanichefeletti.com%2Fwp-content%2Fplugins%2Fwordpress-social-stream%2Fimages%2Fdcwss-dark%2F%22%7D%3Bif(!jQuery().dcSocialStream)%20%7B%20%24.getScript(%22https%3A%2F%2Fwww.officinemeccanichefeletti.com%2Fwp-content%2Fplugins%2Fwordpress-social-stream%2Fjs%2Fjquery.social.stream.wall.1.7.js%22%2C%20function()%7B%7D)%3B%20%24.getScript(%22https%3A%2F%2Fwww.officinemeccanichefeletti.com%2Fwp-content%2Fplugins%2Fwordpress-social-stream%2Fjs%2Fjquery.social.stream.1.6.min.js%22%2C%20function()%7B%24(%22%23social-stream-2513%22).dcSocialStream(config)%3B%7D)%3B%20%7D%20else%20%7B%24(%22%23social-stream-2513.dc-wall%22).dcSocialStream(config)%3B%7D%7D)%3B%3C%2Fscript%3E\" data-mce-resize=\"false\" data-mce-placeholder=\"1\" class=\"mce-object\" width=\"20\" height=\"20\" alt=\"<script\/>&#8220; title=&#8220;<script>\" \/><\/p>\n<p><\/p>\n<div class=\"wall-outer\">\n<div id=\"social-stream-2513\" class=\"dc-wall col-4\"><\/div>\n<\/div>\n<p><\/script><\/div>\n<\/div>\n<\/div>\n<\/div>\n<\/div>\n<div id=\"pg-7-4\" class=\"panel-grid panel-no-style\" data-style=\"{\">\n<div id=\"pgc-7-4-0\" class=\"panel-grid-cell\" data-weight=\"1\">\n<div id=\"panel-7-4-0-0\" class=\"so-panel widget widget_text panel-first-child panel-last-child\" data-index=\"6\" data-style=\"{\">\n<h3 class=\"widget-title\">Video<\/h3>\n<div class=\"textwidget\">\n<div class=\"logo-panel\">\n<div class=\"row\">\n<div class=\"col-xs-12  col-sm-6\">\n      <img decoding=\"async\" src=\"http:\/\/i.giphy.com\/vgtlz22k0cb4Y.gif\" data-mce-src=\"http:\/\/i.giphy.com\/vgtlz22k0cb4Y.gif\" \/>\n    <\/div>\n<div class=\"col-xs-12  col-sm-6\">\n      <img decoding=\"async\" src=\"http:\/\/i.giphy.com\/pIpXokxNkSAfu.gif\" data-mce-src=\"http:\/\/i.giphy.com\/pIpXokxNkSAfu.gif\" \/>\n    <\/div>\n<p><\/p>\n<\/div>\n<\/div>\n<\/div>\n<\/div>\n<\/div>\n<\/div>\n<div id=\"pg-7-5\" class=\"panel-grid panel-no-style\" data-style=\"{\">\n<div id=\"pgc-7-5-0\" class=\"panel-grid-cell\" data-weight=\"0.333333333333\">\n<div id=\"panel-7-5-0-0\" class=\"so-panel widget widget_text panel-first-child panel-last-child\" data-index=\"7\" data-style=\"{\">\n<div class=\"textwidget\"><span contentEditable=\"false\" data-mce-object=\"iframe\" class=\"mce-preview-object mce-object-iframe\" data-mce-p-allowfullscreen=\"allowfullscreen\" data-mce-p-frameborder=\"0\" data-mce-p-src=\"https:\/\/www.youtube.com\/embed\/aoTVXmhlqE0\"><iframe src=\"https:\/\/www.youtube.com\/embed\/aoTVXmhlqE0\" allowfullscreen=\"allowfullscreen\" width=\"100%\" frameborder=\"0\"><\/iframe><span class=\"mce-shim\"><\/span><\/span><\/div>\n<p><\/p>\n<\/div>\n<\/div>\n<div id=\"pgc-7-5-1\" class=\"panel-grid-cell\" data-weight=\"0.333333333333\">\n<div id=\"panel-7-5-1-0\" class=\"so-panel widget widget_text panel-first-child panel-last-child\" data-index=\"8\" data-style=\"{\">\n<div class=\"textwidget\"><span contentEditable=\"false\" data-mce-object=\"iframe\" class=\"mce-preview-object mce-object-iframe\" data-mce-p-allowfullscreen=\"allowfullscreen\" data-mce-p-frameborder=\"0\" data-mce-p-src=\"https:\/\/www.youtube.com\/embed\/_2ikv8IEdc4\"><iframe src=\"https:\/\/www.youtube.com\/embed\/_2ikv8IEdc4\" allowfullscreen=\"allowfullscreen\" width=\"100%\" frameborder=\"0\"><\/iframe><span class=\"mce-shim\"><\/span><\/span><\/div>\n<p><\/p>\n<\/div>\n<\/div>\n<div id=\"pgc-7-5-2\" class=\"panel-grid-cell\" data-weight=\"0.333333333333\">\n<div id=\"panel-7-5-2-0\" class=\"so-panel widget widget_text panel-first-child panel-last-child\" data-index=\"9\" data-style=\"{\">\n<div class=\"textwidget\"><span contentEditable=\"false\" data-mce-object=\"iframe\" class=\"mce-preview-object mce-object-iframe\" data-mce-p-allowfullscreen=\"allowfullscreen\" data-mce-p-frameborder=\"0\" data-mce-p-src=\"https:\/\/www.youtube.com\/embed\/iDKbgZxolDY\"><iframe src=\"https:\/\/www.youtube.com\/embed\/iDKbgZxolDY\" allowfullscreen=\"allowfullscreen\" width=\"100%\" frameborder=\"0\"><\/iframe><span class=\"mce-shim\"><\/span><\/span><\/div>\n<p><\/p>\n<\/div>\n<\/div>\n<\/div>\n<div id=\"pg-7-6\" class=\"panel-grid panel-has-style\" data-style=\"{\">\n<div class=\"siteorigin-panels-stretch panel-row-style panel-row-style-for-7-6\" data-stretch-type=\"full-stretched\">\n<div id=\"pgc-7-6-0\" class=\"panel-grid-cell\" data-weight=\"1\">\n<div id=\"panel-7-6-0-0\" class=\"so-panel widget widget_pt_google_map panel-first-child panel-last-child\" data-index=\"10\" data-style=\"{\">\n\t\t\t\t\t\t\t<div\n\t\t\t\t\tclass=\"simple-map  js-where-we-are\"\n\t\t\t\t\tdata-latlng=\"\"\n\t\t\t\t\tdata-markers=\"[]\"\n\t\t\t\t\tdata-zoom=\"0\"\n\t\t\t\t\tdata-type=\"\"\n\t\t\t\t\tdata-style=\"\"\n\t\t\t\t\tstyle=\"height: 0px;\"\n\t\t\t\t><\/div>\n\t\t\t\n\t\t\t<\/h3>\n<\/div>\n<\/div>\n<\/div>\n<\/div>\n<\/div>\n","protected":false},"excerpt":{"rendered":"<p>WARUM SOLLEN SIE FELETTI W\u00c4HLEN? DIE H\u00d6CHSTE PR\u00c4ZISION ZU IHREN DIENSTEN Seit \u00fcber 40 Jahren investiert die Werkstatt Feletti ihre Ressourcen in der Entwicklung von innovative Produktionsverfahren. Wir verwenden die fortschrittlichsten CNC-Bearbeitungstechniken und w\u00e4hlen die effektivsten Produktionsmethoden, um die Lieferzeiten zu verk\u00fcrzen und die Qualit\u00e4t des angebotenen Dienstes zu erh\u00f6hen. Das Ergebnis ist in einem &hellip;<\/p>\n","protected":false},"author":1,"featured_media":0,"parent":0,"menu_order":0,"comment_status":"closed","ping_status":"closed","template":"template-front-page-slider.php","meta":{"footnotes":""},"class_list":["post-2743","page","type-page","status-publish","hentry"],"yoast_head":"<!-- This site is optimized with the Yoast SEO plugin v26.4 - https:\/\/yoast.com\/wordpress\/plugins\/seo\/ -->\n<title>Lavorazioni meccaniche di precisione - Officine Feletti<\/title>\n<meta name=\"description\" content=\"Officine Meccaniche Feletti offre servizi di lavorazioni meccaniche di precisione quali fresatura, tornitura e assemblaggi per conto terzi in provincia di Treviso\" \/>\n<meta name=\"robots\" content=\"index, follow, max-snippet:-1, max-image-preview:large, max-video-preview:-1\" \/>\n<link rel=\"canonical\" href=\"https:\/\/www.officinemeccanichefeletti.com\/de\/\" \/>\n<meta property=\"og:locale\" content=\"de_DE\" \/>\n<meta property=\"og:type\" content=\"article\" \/>\n<meta property=\"og:title\" content=\"Lavorazioni meccaniche di precisione - Officine Feletti\" \/>\n<meta property=\"og:description\" content=\"Officine Meccaniche Feletti offre servizi di lavorazioni meccaniche di precisione quali fresatura, tornitura e assemblaggi per conto terzi in provincia di Treviso\" \/>\n<meta property=\"og:url\" content=\"https:\/\/www.officinemeccanichefeletti.com\/de\/\" \/>\n<meta property=\"og:site_name\" content=\"Officine meccaniche Feletti\" \/>\n<meta property=\"article:modified_time\" content=\"2020-12-18T14:59:32+00:00\" \/>\n<meta property=\"og:image\" content=\"http:\/\/i.giphy.com\/vgtlz22k0cb4Y.gif\" \/>\n<meta name=\"twitter:card\" content=\"summary_large_image\" \/>\n<meta name=\"twitter:label1\" content=\"Gesch\u00e4tzte Lesezeit\" \/>\n\t<meta name=\"twitter:data1\" content=\"2\u00a0Minuten\" \/>\n<script type=\"application\/ld+json\" class=\"yoast-schema-graph\">{\"@context\":\"https:\/\/schema.org\",\"@graph\":[{\"@type\":\"WebPage\",\"@id\":\"https:\/\/www.officinemeccanichefeletti.com\/de\/\",\"url\":\"https:\/\/www.officinemeccanichefeletti.com\/de\/\",\"name\":\"Lavorazioni meccaniche di precisione - Officine Feletti\",\"isPartOf\":{\"@id\":\"https:\/\/www.officinemeccanichefeletti.com\/#website\"},\"primaryImageOfPage\":{\"@id\":\"https:\/\/www.officinemeccanichefeletti.com\/de\/#primaryimage\"},\"image\":{\"@id\":\"https:\/\/www.officinemeccanichefeletti.com\/de\/#primaryimage\"},\"thumbnailUrl\":\"http:\/\/i.giphy.com\/vgtlz22k0cb4Y.gif\",\"datePublished\":\"2020-12-18T13:37:59+00:00\",\"dateModified\":\"2020-12-18T14:59:32+00:00\",\"description\":\"Officine Meccaniche Feletti offre servizi di lavorazioni meccaniche di precisione quali fresatura, tornitura e assemblaggi per conto terzi in provincia di Treviso\",\"breadcrumb\":{\"@id\":\"https:\/\/www.officinemeccanichefeletti.com\/de\/#breadcrumb\"},\"inLanguage\":\"de\",\"potentialAction\":[{\"@type\":\"ReadAction\",\"target\":[\"https:\/\/www.officinemeccanichefeletti.com\/de\/\"]}]},{\"@type\":\"ImageObject\",\"inLanguage\":\"de\",\"@id\":\"https:\/\/www.officinemeccanichefeletti.com\/de\/#primaryimage\",\"url\":\"http:\/\/i.giphy.com\/vgtlz22k0cb4Y.gif\",\"contentUrl\":\"http:\/\/i.giphy.com\/vgtlz22k0cb4Y.gif\"},{\"@type\":\"BreadcrumbList\",\"@id\":\"https:\/\/www.officinemeccanichefeletti.com\/de\/#breadcrumb\",\"itemListElement\":[{\"@type\":\"ListItem\",\"position\":1,\"name\":\"Home\",\"item\":\"https:\/\/www.officinemeccanichefeletti.com\/de\/\"},{\"@type\":\"ListItem\",\"position\":2,\"name\":\"Front Page\"}]},{\"@type\":\"WebSite\",\"@id\":\"https:\/\/www.officinemeccanichefeletti.com\/#website\",\"url\":\"https:\/\/www.officinemeccanichefeletti.com\/\",\"name\":\"Officine meccaniche Feletti\",\"description\":\"\",\"publisher\":{\"@id\":\"https:\/\/www.officinemeccanichefeletti.com\/#organization\"},\"potentialAction\":[{\"@type\":\"SearchAction\",\"target\":{\"@type\":\"EntryPoint\",\"urlTemplate\":\"https:\/\/www.officinemeccanichefeletti.com\/?s={search_term_string}\"},\"query-input\":{\"@type\":\"PropertyValueSpecification\",\"valueRequired\":true,\"valueName\":\"search_term_string\"}}],\"inLanguage\":\"de\"},{\"@type\":\"Organization\",\"@id\":\"https:\/\/www.officinemeccanichefeletti.com\/#organization\",\"name\":\"Officine Meccaniche di Precisione Feletti\",\"url\":\"https:\/\/www.officinemeccanichefeletti.com\/\",\"logo\":{\"@type\":\"ImageObject\",\"inLanguage\":\"de\",\"@id\":\"https:\/\/www.officinemeccanichefeletti.com\/#\/schema\/logo\/image\/\",\"url\":\"https:\/\/www.officinemeccanichefeletti.com\/wp-content\/uploads\/2016\/12\/felletti-logo-2x.png\",\"contentUrl\":\"https:\/\/www.officinemeccanichefeletti.com\/wp-content\/uploads\/2016\/12\/felletti-logo-2x.png\",\"width\":400,\"height\":224,\"caption\":\"Officine Meccaniche di Precisione Feletti\"},\"image\":{\"@id\":\"https:\/\/www.officinemeccanichefeletti.com\/#\/schema\/logo\/image\/\"}}]}<\/script>\n<!-- \/ Yoast SEO plugin. -->","yoast_head_json":{"title":"Lavorazioni meccaniche di precisione - Officine Feletti","description":"Officine Meccaniche Feletti offre servizi di lavorazioni meccaniche di precisione quali fresatura, tornitura e assemblaggi per conto terzi in provincia di Treviso","robots":{"index":"index","follow":"follow","max-snippet":"max-snippet:-1","max-image-preview":"max-image-preview:large","max-video-preview":"max-video-preview:-1"},"canonical":"https:\/\/www.officinemeccanichefeletti.com\/de\/","og_locale":"de_DE","og_type":"article","og_title":"Lavorazioni meccaniche di precisione - Officine Feletti","og_description":"Officine Meccaniche Feletti offre servizi di lavorazioni meccaniche di precisione quali fresatura, tornitura e assemblaggi per conto terzi in provincia di Treviso","og_url":"https:\/\/www.officinemeccanichefeletti.com\/de\/","og_site_name":"Officine meccaniche Feletti","article_modified_time":"2020-12-18T14:59:32+00:00","og_image":[{"url":"http:\/\/i.giphy.com\/vgtlz22k0cb4Y.gif","type":"","width":"","height":""}],"twitter_card":"summary_large_image","twitter_misc":{"Gesch\u00e4tzte Lesezeit":"2\u00a0Minuten"},"schema":{"@context":"https:\/\/schema.org","@graph":[{"@type":"WebPage","@id":"https:\/\/www.officinemeccanichefeletti.com\/de\/","url":"https:\/\/www.officinemeccanichefeletti.com\/de\/","name":"Lavorazioni meccaniche di precisione - Officine Feletti","isPartOf":{"@id":"https:\/\/www.officinemeccanichefeletti.com\/#website"},"primaryImageOfPage":{"@id":"https:\/\/www.officinemeccanichefeletti.com\/de\/#primaryimage"},"image":{"@id":"https:\/\/www.officinemeccanichefeletti.com\/de\/#primaryimage"},"thumbnailUrl":"http:\/\/i.giphy.com\/vgtlz22k0cb4Y.gif","datePublished":"2020-12-18T13:37:59+00:00","dateModified":"2020-12-18T14:59:32+00:00","description":"Officine Meccaniche Feletti offre servizi di lavorazioni meccaniche di precisione quali fresatura, tornitura e assemblaggi per conto terzi in provincia di Treviso","breadcrumb":{"@id":"https:\/\/www.officinemeccanichefeletti.com\/de\/#breadcrumb"},"inLanguage":"de","potentialAction":[{"@type":"ReadAction","target":["https:\/\/www.officinemeccanichefeletti.com\/de\/"]}]},{"@type":"ImageObject","inLanguage":"de","@id":"https:\/\/www.officinemeccanichefeletti.com\/de\/#primaryimage","url":"http:\/\/i.giphy.com\/vgtlz22k0cb4Y.gif","contentUrl":"http:\/\/i.giphy.com\/vgtlz22k0cb4Y.gif"},{"@type":"BreadcrumbList","@id":"https:\/\/www.officinemeccanichefeletti.com\/de\/#breadcrumb","itemListElement":[{"@type":"ListItem","position":1,"name":"Home","item":"https:\/\/www.officinemeccanichefeletti.com\/de\/"},{"@type":"ListItem","position":2,"name":"Front Page"}]},{"@type":"WebSite","@id":"https:\/\/www.officinemeccanichefeletti.com\/#website","url":"https:\/\/www.officinemeccanichefeletti.com\/","name":"Officine meccaniche Feletti","description":"","publisher":{"@id":"https:\/\/www.officinemeccanichefeletti.com\/#organization"},"potentialAction":[{"@type":"SearchAction","target":{"@type":"EntryPoint","urlTemplate":"https:\/\/www.officinemeccanichefeletti.com\/?s={search_term_string}"},"query-input":{"@type":"PropertyValueSpecification","valueRequired":true,"valueName":"search_term_string"}}],"inLanguage":"de"},{"@type":"Organization","@id":"https:\/\/www.officinemeccanichefeletti.com\/#organization","name":"Officine Meccaniche di Precisione Feletti","url":"https:\/\/www.officinemeccanichefeletti.com\/","logo":{"@type":"ImageObject","inLanguage":"de","@id":"https:\/\/www.officinemeccanichefeletti.com\/#\/schema\/logo\/image\/","url":"https:\/\/www.officinemeccanichefeletti.com\/wp-content\/uploads\/2016\/12\/felletti-logo-2x.png","contentUrl":"https:\/\/www.officinemeccanichefeletti.com\/wp-content\/uploads\/2016\/12\/felletti-logo-2x.png","width":400,"height":224,"caption":"Officine Meccaniche di Precisione Feletti"},"image":{"@id":"https:\/\/www.officinemeccanichefeletti.com\/#\/schema\/logo\/image\/"}}]}},"_links":{"self":[{"href":"https:\/\/www.officinemeccanichefeletti.com\/de\/wp-json\/wp\/v2\/pages\/2743","targetHints":{"allow":["GET"]}}],"collection":[{"href":"https:\/\/www.officinemeccanichefeletti.com\/de\/wp-json\/wp\/v2\/pages"}],"about":[{"href":"https:\/\/www.officinemeccanichefeletti.com\/de\/wp-json\/wp\/v2\/types\/page"}],"author":[{"embeddable":true,"href":"https:\/\/www.officinemeccanichefeletti.com\/de\/wp-json\/wp\/v2\/users\/1"}],"replies":[{"embeddable":true,"href":"https:\/\/www.officinemeccanichefeletti.com\/de\/wp-json\/wp\/v2\/comments?post=2743"}],"version-history":[{"count":8,"href":"https:\/\/www.officinemeccanichefeletti.com\/de\/wp-json\/wp\/v2\/pages\/2743\/revisions"}],"predecessor-version":[{"id":2795,"href":"https:\/\/www.officinemeccanichefeletti.com\/de\/wp-json\/wp\/v2\/pages\/2743\/revisions\/2795"}],"wp:attachment":[{"href":"https:\/\/www.officinemeccanichefeletti.com\/de\/wp-json\/wp\/v2\/media?parent=2743"}],"curies":[{"name":"wp","href":"https:\/\/api.w.org\/{rel}","templated":true}]}}