{"id":2751,"date":"2020-12-18T14:51:20","date_gmt":"2020-12-18T13:51:20","guid":{"rendered":"https:\/\/www.officinemeccanichefeletti.com\/ueber-uns\/"},"modified":"2020-12-18T15:46:28","modified_gmt":"2020-12-18T14:46:28","slug":"ueber-uns","status":"publish","type":"page","link":"https:\/\/www.officinemeccanichefeletti.com\/de\/ueber-uns\/","title":{"rendered":"\u00dcBER UNS"},"content":{"rendered":"<div id=\"pl-171\" class=\"panel-layout\">\n<div id=\"pg-171-0\" class=\"panel-grid panel-has-style\" data-style=\"{&quot;padding&quot;:&quot;60px 60px 60px 60px&quot;,&quot;background_display&quot;:&quot;tile&quot;}\">\n<div class=\"panel-row-style panel-row-style-for-171-0\">\n<div id=\"pgc-171-0-0\" class=\"panel-grid-cell\" data-weight=\"1\">\n<div id=\"panel-171-0-0-0\" class=\"so-panel widget widget_black-studio-tinymce widget_black_studio_tinymce panel-first-child\" data-index=\"0\" data-style=\"{&quot;background_display&quot;:&quot;tile&quot;}\">\n<div class=\"textwidget\"><img loading=\"lazy\" decoding=\"async\" class=\"alignnone size-full wp-image-2379\" src=\"https:\/\/www.officinemeccanichefeletti.com\/wp-content\/uploads\/2016\/12\/felletti-logo.png\" alt=\"felletti-logo\" width=\"144\" height=\"55\"\/><\/div>\n<\/div>\n<div id=\"panel-171-0-0-1\" class=\"so-panel widget widget_black-studio-tinymce widget_black_studio_tinymce panel-last-child\" data-index=\"1\" data-style=\"{&quot;background_display&quot;:&quot;tile&quot;}\">\n<div class=\"textwidget\">\n<p><strong>Die mechanische Werkstatt Feletti S.a.s<\/strong> wurde 1975 in Ramera (<strong>Treviso<\/strong>) gegr\u00fcndet und seit \u00fcber 40 Jahren f\u00fchrt <strong>mechanische Pr\u00e4zisionsbearbeitungen in Lohnarbeit<\/strong> durch, wie Fr\u00e4sen und Drehen, Metallschleifen, Prototyping und mechanische Montage.<br \/>\nBei Feletti S.a.s fertigen wir mechanische Komponenten nach Kundenzeichnung mit computergest\u00fctzten Konstruktions- und Fertigungssoftwares (CAD-CAM) und wir realisieren <strong>mechanische Pr\u00e4zisionsbearbeitungen<\/strong>, wie Drehen, Fr\u00e4sen und Reiben mittels numerisch gesteuerter <strong>CNC-Maschinen<\/strong>, welche Qualit\u00e4tsprodukte und hohe Pr\u00e4zision garantieren.<\/p>\n<p>Der Einsatz der neusten CNC-Maschinen, zus\u00e4tzlich zu einem sehr spezialisierten und qualifizierten Team, erlauben es, alle mit <strong>Pr\u00e4zisionsmechanik<\/strong> verb\u00fcndeten Anforderungen effektiv und schnell zu entsprechen: von der Produktion von <strong>Einzelteilen<\/strong> bis zu den kleinen und mittleren Serien, einschlie\u00dflich alle von Kunden nachgefragte Bearbeitungen. Das Personal unserer mechanischen Werkstatt sorgt f\u00fcr eine st\u00e4ndige Qualit\u00e4tskontrolle der Teile, um den h\u00f6chsten Wert und Zuverl\u00e4ssigkeit zu gew\u00e4hrleisten.<br \/>\nAu\u00dferdem k\u00fcmmert sich unser Unternehmen um die Montage f\u00fcr die Teilefertigung sowie um die Vorserienprototypenfertigung und bietet <strong>mechanische Bearbeitung<\/strong> verschiedener Metallarten an: Edelstahl, Kohlenstoffstahl, Aluminiumlegierungen, Messing, Bronze, Polymere, Superlegierungen und andere Materialien.<br \/>\nBei der mechanischen Werkstatt Feletti arbeiten wir vorwiegend in die<strong> Bereiche der Automation und der allgemeinen Mechanik.<\/strong><br \/>\nWir halten Schritt mit den Ver\u00e4nderungen sowie mit der Entwicklung der M\u00e4rkte und der neuen Technologien und erf\u00fcllen die h\u00f6chsten Standards, um einen einzigartigen und individuell zugeschnitten Dienst anzubieten. Deswegen ist Feletti mehr als eine einfache mechanische Werkstatt geworden. Die Seriosit\u00e4t und Verantwortlichkeit mit denen wir arbeiten, machen Feletti zu einem Unternehmen, die gro\u00dfen Wert auf Vertrauen und maximalen Professionalit\u00e4t liegt.<br \/>\nDie extreme Pr\u00e4zision der CNC-Techniken, wie das vertikale 3-Achs-Bearbeitungszentrum mit Palettenwechsler, sind eine absolute Garantie, denn sie erlauben die vom Kunden erforderten Messungen 100% einzuhalten.<br \/>\nDank der Verdichtung der Bearbeitungszeiten und der erh\u00f6hten Toleranzgarantie gew\u00e4hrleistet unsere <strong>mechanische Werkstatt<\/strong> eine betr\u00e4chtliche Kostenoptimierung und kurze Lieferzeiten.<br \/>\nErfahrung, Kompetenz und Professionalit\u00e4t sind eine Sicherheit f\u00fcr alle Stammkunden, die sich seit \u00fcber 30 Jahren auf die hohe Pr\u00e4zision der <strong>mechanischen Werkstatt Feletti von Treviso<\/strong> verlassen.<\/p>\n<\/div>\n<\/div>\n<\/div>\n<\/div>\n<\/div>\n<\/div>\n","protected":false},"excerpt":{"rendered":"<p>Die mechanische Werkstatt Feletti S.a.s wurde 1975 in Ramera (Treviso) gegr\u00fcndet und seit \u00fcber 40 Jahren f\u00fchrt mechanische Pr\u00e4zisionsbearbeitungen in Lohnarbeit durch, wie Fr\u00e4sen und Drehen, Metallschleifen, Prototyping und mechanische Montage. Bei Feletti S.a.s fertigen wir mechanische Komponenten nach Kundenzeichnung mit computergest\u00fctzten Konstruktions- und Fertigungssoftwares (CAD-CAM) und wir realisieren mechanische Pr\u00e4zisionsbearbeitungen, wie Drehen, Fr\u00e4sen und &hellip;<\/p>\n","protected":false},"author":1,"featured_media":0,"parent":0,"menu_order":0,"comment_status":"closed","ping_status":"closed","template":"template-builder-page.php","meta":{"footnotes":""},"class_list":["post-2751","page","type-page","status-publish","hentry"],"yoast_head":"<!-- This site is optimized with the Yoast SEO plugin v26.4 - https:\/\/yoast.com\/wordpress\/plugins\/seo\/ -->\n<title>Officine Meccaniche di Precisione Feletti - Chi siamo<\/title>\n<meta name=\"description\" content=\"Le officine meccaniche di precisione Feletti: dal 1975 garanzia di professionalit\u00e0 e seriet\u00e0 nella meccanica di precisione. Contattaci per un preventivo\" \/>\n<meta name=\"robots\" content=\"index, follow, max-snippet:-1, max-image-preview:large, max-video-preview:-1\" \/>\n<link rel=\"canonical\" href=\"https:\/\/www.officinemeccanichefeletti.com\/de\/ueber-uns\/\" \/>\n<meta property=\"og:locale\" content=\"de_DE\" \/>\n<meta property=\"og:type\" content=\"article\" \/>\n<meta property=\"og:title\" content=\"Officine Meccaniche di Precisione Feletti - Chi siamo\" \/>\n<meta property=\"og:description\" content=\"Le officine meccaniche di precisione Feletti: dal 1975 garanzia di professionalit\u00e0 e seriet\u00e0 nella meccanica di precisione. Contattaci per un preventivo\" \/>\n<meta property=\"og:url\" content=\"https:\/\/www.officinemeccanichefeletti.com\/de\/ueber-uns\/\" \/>\n<meta property=\"og:site_name\" content=\"Officine meccaniche Feletti\" \/>\n<meta property=\"article:modified_time\" content=\"2020-12-18T14:46:28+00:00\" \/>\n<meta property=\"og:image\" content=\"https:\/\/www.officinemeccanichefeletti.com\/wp-content\/uploads\/2016\/12\/felletti-logo.png\" \/>\n<meta name=\"twitter:card\" content=\"summary_large_image\" \/>\n<meta name=\"twitter:label1\" content=\"Gesch\u00e4tzte Lesezeit\" \/>\n\t<meta name=\"twitter:data1\" content=\"2\u00a0Minuten\" \/>\n<script type=\"application\/ld+json\" class=\"yoast-schema-graph\">{\"@context\":\"https:\/\/schema.org\",\"@graph\":[{\"@type\":\"WebPage\",\"@id\":\"https:\/\/www.officinemeccanichefeletti.com\/de\/ueber-uns\/\",\"url\":\"https:\/\/www.officinemeccanichefeletti.com\/de\/ueber-uns\/\",\"name\":\"Officine Meccaniche di Precisione Feletti - Chi siamo\",\"isPartOf\":{\"@id\":\"https:\/\/www.officinemeccanichefeletti.com\/#website\"},\"primaryImageOfPage\":{\"@id\":\"https:\/\/www.officinemeccanichefeletti.com\/de\/ueber-uns\/#primaryimage\"},\"image\":{\"@id\":\"https:\/\/www.officinemeccanichefeletti.com\/de\/ueber-uns\/#primaryimage\"},\"thumbnailUrl\":\"https:\/\/www.officinemeccanichefeletti.com\/wp-content\/uploads\/2016\/12\/felletti-logo.png\",\"datePublished\":\"2020-12-18T13:51:20+00:00\",\"dateModified\":\"2020-12-18T14:46:28+00:00\",\"description\":\"Le officine meccaniche di precisione Feletti: dal 1975 garanzia di professionalit\u00e0 e seriet\u00e0 nella meccanica di precisione. Contattaci per un preventivo\",\"breadcrumb\":{\"@id\":\"https:\/\/www.officinemeccanichefeletti.com\/de\/ueber-uns\/#breadcrumb\"},\"inLanguage\":\"de\",\"potentialAction\":[{\"@type\":\"ReadAction\",\"target\":[\"https:\/\/www.officinemeccanichefeletti.com\/de\/ueber-uns\/\"]}]},{\"@type\":\"ImageObject\",\"inLanguage\":\"de\",\"@id\":\"https:\/\/www.officinemeccanichefeletti.com\/de\/ueber-uns\/#primaryimage\",\"url\":\"https:\/\/www.officinemeccanichefeletti.com\/wp-content\/uploads\/2016\/12\/felletti-logo.png\",\"contentUrl\":\"https:\/\/www.officinemeccanichefeletti.com\/wp-content\/uploads\/2016\/12\/felletti-logo.png\"},{\"@type\":\"BreadcrumbList\",\"@id\":\"https:\/\/www.officinemeccanichefeletti.com\/de\/ueber-uns\/#breadcrumb\",\"itemListElement\":[{\"@type\":\"ListItem\",\"position\":1,\"name\":\"Home\",\"item\":\"https:\/\/www.officinemeccanichefeletti.com\/de\/\"},{\"@type\":\"ListItem\",\"position\":2,\"name\":\"\u00dcBER UNS\"}]},{\"@type\":\"WebSite\",\"@id\":\"https:\/\/www.officinemeccanichefeletti.com\/#website\",\"url\":\"https:\/\/www.officinemeccanichefeletti.com\/\",\"name\":\"Officine meccaniche Feletti\",\"description\":\"\",\"publisher\":{\"@id\":\"https:\/\/www.officinemeccanichefeletti.com\/#organization\"},\"potentialAction\":[{\"@type\":\"SearchAction\",\"target\":{\"@type\":\"EntryPoint\",\"urlTemplate\":\"https:\/\/www.officinemeccanichefeletti.com\/?s={search_term_string}\"},\"query-input\":{\"@type\":\"PropertyValueSpecification\",\"valueRequired\":true,\"valueName\":\"search_term_string\"}}],\"inLanguage\":\"de\"},{\"@type\":\"Organization\",\"@id\":\"https:\/\/www.officinemeccanichefeletti.com\/#organization\",\"name\":\"Officine Meccaniche di Precisione Feletti\",\"url\":\"https:\/\/www.officinemeccanichefeletti.com\/\",\"logo\":{\"@type\":\"ImageObject\",\"inLanguage\":\"de\",\"@id\":\"https:\/\/www.officinemeccanichefeletti.com\/#\/schema\/logo\/image\/\",\"url\":\"https:\/\/www.officinemeccanichefeletti.com\/wp-content\/uploads\/2016\/12\/felletti-logo-2x.png\",\"contentUrl\":\"https:\/\/www.officinemeccanichefeletti.com\/wp-content\/uploads\/2016\/12\/felletti-logo-2x.png\",\"width\":400,\"height\":224,\"caption\":\"Officine Meccaniche di Precisione Feletti\"},\"image\":{\"@id\":\"https:\/\/www.officinemeccanichefeletti.com\/#\/schema\/logo\/image\/\"}}]}<\/script>\n<!-- \/ Yoast SEO plugin. -->","yoast_head_json":{"title":"Officine Meccaniche di Precisione Feletti - Chi siamo","description":"Le officine meccaniche di precisione Feletti: dal 1975 garanzia di professionalit\u00e0 e seriet\u00e0 nella meccanica di precisione. Contattaci per un preventivo","robots":{"index":"index","follow":"follow","max-snippet":"max-snippet:-1","max-image-preview":"max-image-preview:large","max-video-preview":"max-video-preview:-1"},"canonical":"https:\/\/www.officinemeccanichefeletti.com\/de\/ueber-uns\/","og_locale":"de_DE","og_type":"article","og_title":"Officine Meccaniche di Precisione Feletti - Chi siamo","og_description":"Le officine meccaniche di precisione Feletti: dal 1975 garanzia di professionalit\u00e0 e seriet\u00e0 nella meccanica di precisione. Contattaci per un preventivo","og_url":"https:\/\/www.officinemeccanichefeletti.com\/de\/ueber-uns\/","og_site_name":"Officine meccaniche Feletti","article_modified_time":"2020-12-18T14:46:28+00:00","og_image":[{"url":"https:\/\/www.officinemeccanichefeletti.com\/wp-content\/uploads\/2016\/12\/felletti-logo.png","type":"","width":"","height":""}],"twitter_card":"summary_large_image","twitter_misc":{"Gesch\u00e4tzte Lesezeit":"2\u00a0Minuten"},"schema":{"@context":"https:\/\/schema.org","@graph":[{"@type":"WebPage","@id":"https:\/\/www.officinemeccanichefeletti.com\/de\/ueber-uns\/","url":"https:\/\/www.officinemeccanichefeletti.com\/de\/ueber-uns\/","name":"Officine Meccaniche di Precisione Feletti - Chi siamo","isPartOf":{"@id":"https:\/\/www.officinemeccanichefeletti.com\/#website"},"primaryImageOfPage":{"@id":"https:\/\/www.officinemeccanichefeletti.com\/de\/ueber-uns\/#primaryimage"},"image":{"@id":"https:\/\/www.officinemeccanichefeletti.com\/de\/ueber-uns\/#primaryimage"},"thumbnailUrl":"https:\/\/www.officinemeccanichefeletti.com\/wp-content\/uploads\/2016\/12\/felletti-logo.png","datePublished":"2020-12-18T13:51:20+00:00","dateModified":"2020-12-18T14:46:28+00:00","description":"Le officine meccaniche di precisione Feletti: dal 1975 garanzia di professionalit\u00e0 e seriet\u00e0 nella meccanica di precisione. Contattaci per un preventivo","breadcrumb":{"@id":"https:\/\/www.officinemeccanichefeletti.com\/de\/ueber-uns\/#breadcrumb"},"inLanguage":"de","potentialAction":[{"@type":"ReadAction","target":["https:\/\/www.officinemeccanichefeletti.com\/de\/ueber-uns\/"]}]},{"@type":"ImageObject","inLanguage":"de","@id":"https:\/\/www.officinemeccanichefeletti.com\/de\/ueber-uns\/#primaryimage","url":"https:\/\/www.officinemeccanichefeletti.com\/wp-content\/uploads\/2016\/12\/felletti-logo.png","contentUrl":"https:\/\/www.officinemeccanichefeletti.com\/wp-content\/uploads\/2016\/12\/felletti-logo.png"},{"@type":"BreadcrumbList","@id":"https:\/\/www.officinemeccanichefeletti.com\/de\/ueber-uns\/#breadcrumb","itemListElement":[{"@type":"ListItem","position":1,"name":"Home","item":"https:\/\/www.officinemeccanichefeletti.com\/de\/"},{"@type":"ListItem","position":2,"name":"\u00dcBER UNS"}]},{"@type":"WebSite","@id":"https:\/\/www.officinemeccanichefeletti.com\/#website","url":"https:\/\/www.officinemeccanichefeletti.com\/","name":"Officine meccaniche Feletti","description":"","publisher":{"@id":"https:\/\/www.officinemeccanichefeletti.com\/#organization"},"potentialAction":[{"@type":"SearchAction","target":{"@type":"EntryPoint","urlTemplate":"https:\/\/www.officinemeccanichefeletti.com\/?s={search_term_string}"},"query-input":{"@type":"PropertyValueSpecification","valueRequired":true,"valueName":"search_term_string"}}],"inLanguage":"de"},{"@type":"Organization","@id":"https:\/\/www.officinemeccanichefeletti.com\/#organization","name":"Officine Meccaniche di Precisione Feletti","url":"https:\/\/www.officinemeccanichefeletti.com\/","logo":{"@type":"ImageObject","inLanguage":"de","@id":"https:\/\/www.officinemeccanichefeletti.com\/#\/schema\/logo\/image\/","url":"https:\/\/www.officinemeccanichefeletti.com\/wp-content\/uploads\/2016\/12\/felletti-logo-2x.png","contentUrl":"https:\/\/www.officinemeccanichefeletti.com\/wp-content\/uploads\/2016\/12\/felletti-logo-2x.png","width":400,"height":224,"caption":"Officine Meccaniche di Precisione Feletti"},"image":{"@id":"https:\/\/www.officinemeccanichefeletti.com\/#\/schema\/logo\/image\/"}}]}},"_links":{"self":[{"href":"https:\/\/www.officinemeccanichefeletti.com\/de\/wp-json\/wp\/v2\/pages\/2751","targetHints":{"allow":["GET"]}}],"collection":[{"href":"https:\/\/www.officinemeccanichefeletti.com\/de\/wp-json\/wp\/v2\/pages"}],"about":[{"href":"https:\/\/www.officinemeccanichefeletti.com\/de\/wp-json\/wp\/v2\/types\/page"}],"author":[{"embeddable":true,"href":"https:\/\/www.officinemeccanichefeletti.com\/de\/wp-json\/wp\/v2\/users\/1"}],"replies":[{"embeddable":true,"href":"https:\/\/www.officinemeccanichefeletti.com\/de\/wp-json\/wp\/v2\/comments?post=2751"}],"version-history":[{"count":2,"href":"https:\/\/www.officinemeccanichefeletti.com\/de\/wp-json\/wp\/v2\/pages\/2751\/revisions"}],"predecessor-version":[{"id":2775,"href":"https:\/\/www.officinemeccanichefeletti.com\/de\/wp-json\/wp\/v2\/pages\/2751\/revisions\/2775"}],"wp:attachment":[{"href":"https:\/\/www.officinemeccanichefeletti.com\/de\/wp-json\/wp\/v2\/media?parent=2751"}],"curies":[{"name":"wp","href":"https:\/\/api.w.org\/{rel}","templated":true}]}}