{"id":2754,"date":"2020-12-18T15:19:07","date_gmt":"2020-12-18T14:19:07","guid":{"rendered":"https:\/\/www.officinemeccanichefeletti.com\/mechanische-montage-in-lohnarbeit\/"},"modified":"2020-12-18T15:56:13","modified_gmt":"2020-12-18T14:56:13","slug":"mechanische-montage-in-lohnarbeit","status":"publish","type":"page","link":"https:\/\/www.officinemeccanichefeletti.com\/de\/dienste\/mechanische-montage-in-lohnarbeit\/","title":{"rendered":"MECHANISCHE MONTAGE IN LOHNARBEIT"},"content":{"rendered":"\n<p><\/p>\n\n\n<div id=\"pl-71\" class=\"panel-layout\">\n<div id=\"pg-71-0\" class=\"panel-grid panel-has-style\" data-style=\"{&quot;padding&quot;:&quot;60px 60px 60px 60px&quot;,&quot;background_display&quot;:&quot;tile&quot;}\">\n<div class=\"panel-row-style panel-row-style-for-71-0\">\n<div id=\"pgc-71-0-0\" class=\"panel-grid-cell\" data-weight=\"1\">\n<div id=\"panel-71-0-0-0\" class=\"so-panel widget widget_black-studio-tinymce widget_black_studio_tinymce panel-first-child panel-last-child\" data-index=\"0\" data-style=\"{&quot;background_display&quot;:&quot;tile&quot;}\">\n<div class=\"textwidget\">\n<hr \/>\n<h2>Montage in Lohnarbeit f\u00fcr ein en kundenspezifischen Dienst<\/h2>\n<hr \/>\n<p>Das Kerngesch\u00e4ft von Officine Feletti S.a.s liegt in der Definition einen kompletten Dienst, mit dem Ziel, eine maximale Reaktion auf Kundenanfrage zu gew\u00e4hrleisten. Ein optimiertes Know-how und die viele Erfahrung des Personals garantieren einen Dienst, der auf die Lieferung aller verf\u00fcgbaren mechanischen und <strong>technischen Bearbeitungen<\/strong> ausgerichtet ist. Dazu geh\u00f6ren der <strong>Zusammenbau und die Montage zur Fertigstellung des Teils<\/strong>, eine Garantie f\u00fcr alle Kunden, die ein <strong>mechanisches Unternehmen<\/strong> suchen, an das sie alle Bearbeitungsphasen delegieren k\u00f6nnen.<br \/>Nach den <strong>mechanische Fr\u00e4s- und Drehbearbeitungen<\/strong> werden die Fr\u00e4s- und Drehteile an weiteren mechanischen Komponenten montiert, um ein einbaufertiges Halbzeug f\u00fcr die Zielmaschine zu erhalten.<br \/>Die <strong>mechanischen Baugruppen<\/strong> werden von spezialisiertem Personal gefertigt, das speziell f\u00fcr diese Aufgabe zust\u00e4ndig ist. Die gro\u00dfe Erfahrung des Personals gew\u00e4hrleistet h\u00f6chste Pr\u00e4zision bei der <strong>Montage von Komponenten<\/strong> jeder Art, von den Einfachsten bis zu den Komplexesten, sobald das Teil gefr\u00e4st oder gedreht wurde oder andere spezifischen Bearbeitungen unterzogt.<br \/>Unseren Kunden werden ein kompletter Dienst angeboten, der auf ihre Design- und Installationsanforderungen zugeschnitten ist. Die Vorteile eines solchen Diensts sind die kurzen Lieferzeiten, die betr\u00e4chtlichen Reduzierung der Transportkosten, die sonst notwendig w\u00e4ren, wenn sich die Kunden an ein drittes Unternehmen f\u00fcr die <strong>mechanischen Montage<\/strong> wenden w\u00fcrden.<br \/>Feletti S.a.S begleitet die Kunde bereits von den Entwurfs- und Prototyping-Phasen, um einen kompletten Dienst anzubieten, der vom Kauf der Materialen bis zur <strong>Endmontage<\/strong> reicht. Unsere Bediener f\u00fchren die Bearbeitungsvorg\u00e4nge mit hochpr\u00e4zisen <strong>numerisch gesteuerten CNC-Maschinen<\/strong> durch. Sie folgen gewissenhaft die Feinbearbeitungen, die f\u00fcr die Fertigstellung des Teils erforderlich sind.<br \/>Officine Feletti kann als eine pr\u00e4zise, p\u00fcnktliche, zuverl\u00e4ssige und professionelle <strong>mechanische Werkstatt<\/strong> definiert werden, denn wir begleiten unsere Kunden durch den komplexen Produktionsprozess und fertigen ein hochpr\u00e4zises Produkt, das den von Kunden angegebenen Ma\u00dfe entspricht.<\/p>\n<p><img loading=\"lazy\" decoding=\"async\" class=\"alignnone size-full wp-image-2445\" src=\"https:\/\/www.officinemeccanichefeletti.com\/wp-content\/uploads\/2014\/10\/feletti-assemblaggi-meccanici-header.jpg\" alt=\"\" width=\"1920\" height=\"1080\" srcset=\"https:\/\/www.officinemeccanichefeletti.com\/wp-content\/uploads\/2014\/10\/feletti-assemblaggi-meccanici-header.jpg 1920w, https:\/\/www.officinemeccanichefeletti.com\/wp-content\/uploads\/2014\/10\/feletti-assemblaggi-meccanici-header-768x432.jpg 768w, https:\/\/www.officinemeccanichefeletti.com\/wp-content\/uploads\/2014\/10\/feletti-assemblaggi-meccanici-header-555x312.jpg 555w\" sizes=\"auto, (max-width: 1920px) 100vw, 1920px\" \/><\/p>\n<\/div>\n<\/div>\n<\/div>\n<\/div>\n<\/div>\n<div id=\"pg-71-1\" class=\"panel-grid panel-has-style\" data-style=\"{&quot;padding&quot;:&quot;30px 30px 30px 30px&quot;,&quot;background&quot;:&quot;#243888&quot;,&quot;background_image_attachment&quot;:false,&quot;background_display&quot;:&quot;tile&quot;,&quot;row_stretch&quot;:&quot;full&quot;}\">\n<div class=\"siteorigin-panels-stretch panel-row-style panel-row-style-for-71-1\" style=\"margin-left: -581px; margin-right: -581px; padding-left: 581px; padding-right: 581px; border-left: 0px; border-right: 0px;\" data-stretch-type=\"full\">\n<div id=\"pgc-71-1-0\" class=\"panel-grid-cell\" data-weight=\"1\">\n<div id=\"panel-71-1-0-0\" class=\"so-panel widget widget_pt_banner widget-banner panel-first-child panel-last-child\" data-index=\"1\" data-style=\"{&quot;background_image_attachment&quot;:false,&quot;background_display&quot;:&quot;tile&quot;,&quot;font_color&quot;:&quot;#ffffff&quot;}\">\n<div class=\"panel-widget-style panel-widget-style-for-71-1-0-0\">\t\t\t\t<div class=\"banner__text\">\n\t\t\t\t\t\t\t\t\t<\/div>\n\t\t\t\t<div class=\"banner__buttons\">\n\t\t\t\t\t\t\t\t\t<\/div>\n\t\t\t<p><\/p>\n\n<\/h3><\/div>\n<\/div>\n<\/div>\n<\/div>\n<\/div>\n<\/div>\n<\/div>","protected":false},"excerpt":{"rendered":"<p>Das Kerngesch\u00e4ft von Officine Feletti S.a.s liegt in der Definition einen kompletten Dienst, mit dem Ziel, eine maximale Reaktion auf Kundenanfrage zu gew\u00e4hrleisten.<\/p>\n","protected":false},"author":1,"featured_media":0,"parent":2797,"menu_order":0,"comment_status":"closed","ping_status":"closed","template":"template-builder-page.php","meta":{"footnotes":""},"class_list":["post-2754","page","type-page","status-publish","hentry"],"yoast_head":"<!-- This site is optimized with the Yoast SEO plugin v26.4 - https:\/\/yoast.com\/wordpress\/plugins\/seo\/ -->\n<title>Assemblaggi per conto terzi - Officine Meccaniche Feletti<\/title>\n<meta name=\"description\" content=\"Gli assemblaggi conto terzi di componenti semilavorati sono il core business di Officine Meccaniche Feletti per offrire un servizio su misura per ogni cliente\" \/>\n<meta name=\"robots\" content=\"index, follow, max-snippet:-1, max-image-preview:large, max-video-preview:-1\" \/>\n<link rel=\"canonical\" href=\"https:\/\/www.officinemeccanichefeletti.com\/de\/dienste\/mechanische-montage-in-lohnarbeit\/\" \/>\n<meta property=\"og:locale\" content=\"de_DE\" \/>\n<meta property=\"og:type\" content=\"article\" \/>\n<meta property=\"og:title\" content=\"Assemblaggi per conto terzi - Officine Meccaniche Feletti\" \/>\n<meta property=\"og:description\" content=\"Gli assemblaggi conto terzi di componenti semilavorati sono il core business di Officine Meccaniche Feletti per offrire un servizio su misura per ogni cliente\" \/>\n<meta property=\"og:url\" content=\"https:\/\/www.officinemeccanichefeletti.com\/de\/dienste\/mechanische-montage-in-lohnarbeit\/\" \/>\n<meta property=\"og:site_name\" content=\"Officine meccaniche Feletti\" \/>\n<meta property=\"article:modified_time\" content=\"2020-12-18T14:56:13+00:00\" \/>\n<meta property=\"og:image\" content=\"https:\/\/www.officinemeccanichefeletti.com\/wp-content\/uploads\/2014\/10\/feletti-assemblaggi-meccanici-header.jpg\" \/>\n<meta name=\"twitter:card\" content=\"summary_large_image\" \/>\n<meta name=\"twitter:label1\" content=\"Gesch\u00e4tzte Lesezeit\" \/>\n\t<meta name=\"twitter:data1\" content=\"2\u00a0Minuten\" \/>\n<script type=\"application\/ld+json\" class=\"yoast-schema-graph\">{\"@context\":\"https:\/\/schema.org\",\"@graph\":[{\"@type\":\"WebPage\",\"@id\":\"https:\/\/www.officinemeccanichefeletti.com\/de\/dienste\/mechanische-montage-in-lohnarbeit\/\",\"url\":\"https:\/\/www.officinemeccanichefeletti.com\/de\/dienste\/mechanische-montage-in-lohnarbeit\/\",\"name\":\"Assemblaggi per conto terzi - Officine Meccaniche Feletti\",\"isPartOf\":{\"@id\":\"https:\/\/www.officinemeccanichefeletti.com\/#website\"},\"primaryImageOfPage\":{\"@id\":\"https:\/\/www.officinemeccanichefeletti.com\/de\/dienste\/mechanische-montage-in-lohnarbeit\/#primaryimage\"},\"image\":{\"@id\":\"https:\/\/www.officinemeccanichefeletti.com\/de\/dienste\/mechanische-montage-in-lohnarbeit\/#primaryimage\"},\"thumbnailUrl\":\"https:\/\/www.officinemeccanichefeletti.com\/wp-content\/uploads\/2014\/10\/feletti-assemblaggi-meccanici-header.jpg\",\"datePublished\":\"2020-12-18T14:19:07+00:00\",\"dateModified\":\"2020-12-18T14:56:13+00:00\",\"description\":\"Gli assemblaggi conto terzi di componenti semilavorati sono il core business di Officine Meccaniche Feletti per offrire un servizio su misura per ogni cliente\",\"breadcrumb\":{\"@id\":\"https:\/\/www.officinemeccanichefeletti.com\/de\/dienste\/mechanische-montage-in-lohnarbeit\/#breadcrumb\"},\"inLanguage\":\"de\",\"potentialAction\":[{\"@type\":\"ReadAction\",\"target\":[\"https:\/\/www.officinemeccanichefeletti.com\/de\/dienste\/mechanische-montage-in-lohnarbeit\/\"]}]},{\"@type\":\"ImageObject\",\"inLanguage\":\"de\",\"@id\":\"https:\/\/www.officinemeccanichefeletti.com\/de\/dienste\/mechanische-montage-in-lohnarbeit\/#primaryimage\",\"url\":\"https:\/\/www.officinemeccanichefeletti.com\/wp-content\/uploads\/2014\/10\/feletti-assemblaggi-meccanici-header.jpg\",\"contentUrl\":\"https:\/\/www.officinemeccanichefeletti.com\/wp-content\/uploads\/2014\/10\/feletti-assemblaggi-meccanici-header.jpg\"},{\"@type\":\"BreadcrumbList\",\"@id\":\"https:\/\/www.officinemeccanichefeletti.com\/de\/dienste\/mechanische-montage-in-lohnarbeit\/#breadcrumb\",\"itemListElement\":[{\"@type\":\"ListItem\",\"position\":1,\"name\":\"Home\",\"item\":\"https:\/\/www.officinemeccanichefeletti.com\/de\/\"},{\"@type\":\"ListItem\",\"position\":2,\"name\":\"DIENSTE\",\"item\":\"https:\/\/www.officinemeccanichefeletti.com\/de\/dienste\/\"},{\"@type\":\"ListItem\",\"position\":3,\"name\":\"MECHANISCHE MONTAGE IN LOHNARBEIT\"}]},{\"@type\":\"WebSite\",\"@id\":\"https:\/\/www.officinemeccanichefeletti.com\/#website\",\"url\":\"https:\/\/www.officinemeccanichefeletti.com\/\",\"name\":\"Officine meccaniche Feletti\",\"description\":\"\",\"publisher\":{\"@id\":\"https:\/\/www.officinemeccanichefeletti.com\/#organization\"},\"potentialAction\":[{\"@type\":\"SearchAction\",\"target\":{\"@type\":\"EntryPoint\",\"urlTemplate\":\"https:\/\/www.officinemeccanichefeletti.com\/?s={search_term_string}\"},\"query-input\":{\"@type\":\"PropertyValueSpecification\",\"valueRequired\":true,\"valueName\":\"search_term_string\"}}],\"inLanguage\":\"de\"},{\"@type\":\"Organization\",\"@id\":\"https:\/\/www.officinemeccanichefeletti.com\/#organization\",\"name\":\"Officine Meccaniche di Precisione Feletti\",\"url\":\"https:\/\/www.officinemeccanichefeletti.com\/\",\"logo\":{\"@type\":\"ImageObject\",\"inLanguage\":\"de\",\"@id\":\"https:\/\/www.officinemeccanichefeletti.com\/#\/schema\/logo\/image\/\",\"url\":\"https:\/\/www.officinemeccanichefeletti.com\/wp-content\/uploads\/2016\/12\/felletti-logo-2x.png\",\"contentUrl\":\"https:\/\/www.officinemeccanichefeletti.com\/wp-content\/uploads\/2016\/12\/felletti-logo-2x.png\",\"width\":400,\"height\":224,\"caption\":\"Officine Meccaniche di Precisione Feletti\"},\"image\":{\"@id\":\"https:\/\/www.officinemeccanichefeletti.com\/#\/schema\/logo\/image\/\"}}]}<\/script>\n<!-- \/ Yoast SEO plugin. -->","yoast_head_json":{"title":"Assemblaggi per conto terzi - Officine Meccaniche Feletti","description":"Gli assemblaggi conto terzi di componenti semilavorati sono il core business di Officine Meccaniche Feletti per offrire un servizio su misura per ogni cliente","robots":{"index":"index","follow":"follow","max-snippet":"max-snippet:-1","max-image-preview":"max-image-preview:large","max-video-preview":"max-video-preview:-1"},"canonical":"https:\/\/www.officinemeccanichefeletti.com\/de\/dienste\/mechanische-montage-in-lohnarbeit\/","og_locale":"de_DE","og_type":"article","og_title":"Assemblaggi per conto terzi - Officine Meccaniche Feletti","og_description":"Gli assemblaggi conto terzi di componenti semilavorati sono il core business di Officine Meccaniche Feletti per offrire un servizio su misura per ogni cliente","og_url":"https:\/\/www.officinemeccanichefeletti.com\/de\/dienste\/mechanische-montage-in-lohnarbeit\/","og_site_name":"Officine meccaniche Feletti","article_modified_time":"2020-12-18T14:56:13+00:00","og_image":[{"url":"https:\/\/www.officinemeccanichefeletti.com\/wp-content\/uploads\/2014\/10\/feletti-assemblaggi-meccanici-header.jpg","type":"","width":"","height":""}],"twitter_card":"summary_large_image","twitter_misc":{"Gesch\u00e4tzte Lesezeit":"2\u00a0Minuten"},"schema":{"@context":"https:\/\/schema.org","@graph":[{"@type":"WebPage","@id":"https:\/\/www.officinemeccanichefeletti.com\/de\/dienste\/mechanische-montage-in-lohnarbeit\/","url":"https:\/\/www.officinemeccanichefeletti.com\/de\/dienste\/mechanische-montage-in-lohnarbeit\/","name":"Assemblaggi per conto terzi - Officine Meccaniche Feletti","isPartOf":{"@id":"https:\/\/www.officinemeccanichefeletti.com\/#website"},"primaryImageOfPage":{"@id":"https:\/\/www.officinemeccanichefeletti.com\/de\/dienste\/mechanische-montage-in-lohnarbeit\/#primaryimage"},"image":{"@id":"https:\/\/www.officinemeccanichefeletti.com\/de\/dienste\/mechanische-montage-in-lohnarbeit\/#primaryimage"},"thumbnailUrl":"https:\/\/www.officinemeccanichefeletti.com\/wp-content\/uploads\/2014\/10\/feletti-assemblaggi-meccanici-header.jpg","datePublished":"2020-12-18T14:19:07+00:00","dateModified":"2020-12-18T14:56:13+00:00","description":"Gli assemblaggi conto terzi di componenti semilavorati sono il core business di Officine Meccaniche Feletti per offrire un servizio su misura per ogni cliente","breadcrumb":{"@id":"https:\/\/www.officinemeccanichefeletti.com\/de\/dienste\/mechanische-montage-in-lohnarbeit\/#breadcrumb"},"inLanguage":"de","potentialAction":[{"@type":"ReadAction","target":["https:\/\/www.officinemeccanichefeletti.com\/de\/dienste\/mechanische-montage-in-lohnarbeit\/"]}]},{"@type":"ImageObject","inLanguage":"de","@id":"https:\/\/www.officinemeccanichefeletti.com\/de\/dienste\/mechanische-montage-in-lohnarbeit\/#primaryimage","url":"https:\/\/www.officinemeccanichefeletti.com\/wp-content\/uploads\/2014\/10\/feletti-assemblaggi-meccanici-header.jpg","contentUrl":"https:\/\/www.officinemeccanichefeletti.com\/wp-content\/uploads\/2014\/10\/feletti-assemblaggi-meccanici-header.jpg"},{"@type":"BreadcrumbList","@id":"https:\/\/www.officinemeccanichefeletti.com\/de\/dienste\/mechanische-montage-in-lohnarbeit\/#breadcrumb","itemListElement":[{"@type":"ListItem","position":1,"name":"Home","item":"https:\/\/www.officinemeccanichefeletti.com\/de\/"},{"@type":"ListItem","position":2,"name":"DIENSTE","item":"https:\/\/www.officinemeccanichefeletti.com\/de\/dienste\/"},{"@type":"ListItem","position":3,"name":"MECHANISCHE MONTAGE IN LOHNARBEIT"}]},{"@type":"WebSite","@id":"https:\/\/www.officinemeccanichefeletti.com\/#website","url":"https:\/\/www.officinemeccanichefeletti.com\/","name":"Officine meccaniche Feletti","description":"","publisher":{"@id":"https:\/\/www.officinemeccanichefeletti.com\/#organization"},"potentialAction":[{"@type":"SearchAction","target":{"@type":"EntryPoint","urlTemplate":"https:\/\/www.officinemeccanichefeletti.com\/?s={search_term_string}"},"query-input":{"@type":"PropertyValueSpecification","valueRequired":true,"valueName":"search_term_string"}}],"inLanguage":"de"},{"@type":"Organization","@id":"https:\/\/www.officinemeccanichefeletti.com\/#organization","name":"Officine Meccaniche di Precisione Feletti","url":"https:\/\/www.officinemeccanichefeletti.com\/","logo":{"@type":"ImageObject","inLanguage":"de","@id":"https:\/\/www.officinemeccanichefeletti.com\/#\/schema\/logo\/image\/","url":"https:\/\/www.officinemeccanichefeletti.com\/wp-content\/uploads\/2016\/12\/felletti-logo-2x.png","contentUrl":"https:\/\/www.officinemeccanichefeletti.com\/wp-content\/uploads\/2016\/12\/felletti-logo-2x.png","width":400,"height":224,"caption":"Officine Meccaniche di Precisione Feletti"},"image":{"@id":"https:\/\/www.officinemeccanichefeletti.com\/#\/schema\/logo\/image\/"}}]}},"_links":{"self":[{"href":"https:\/\/www.officinemeccanichefeletti.com\/de\/wp-json\/wp\/v2\/pages\/2754","targetHints":{"allow":["GET"]}}],"collection":[{"href":"https:\/\/www.officinemeccanichefeletti.com\/de\/wp-json\/wp\/v2\/pages"}],"about":[{"href":"https:\/\/www.officinemeccanichefeletti.com\/de\/wp-json\/wp\/v2\/types\/page"}],"author":[{"embeddable":true,"href":"https:\/\/www.officinemeccanichefeletti.com\/de\/wp-json\/wp\/v2\/users\/1"}],"replies":[{"embeddable":true,"href":"https:\/\/www.officinemeccanichefeletti.com\/de\/wp-json\/wp\/v2\/comments?post=2754"}],"version-history":[{"count":8,"href":"https:\/\/www.officinemeccanichefeletti.com\/de\/wp-json\/wp\/v2\/pages\/2754\/revisions"}],"predecessor-version":[{"id":2792,"href":"https:\/\/www.officinemeccanichefeletti.com\/de\/wp-json\/wp\/v2\/pages\/2754\/revisions\/2792"}],"up":[{"embeddable":true,"href":"https:\/\/www.officinemeccanichefeletti.com\/de\/wp-json\/wp\/v2\/pages\/2797"}],"wp:attachment":[{"href":"https:\/\/www.officinemeccanichefeletti.com\/de\/wp-json\/wp\/v2\/media?parent=2754"}],"curies":[{"name":"wp","href":"https:\/\/api.w.org\/{rel}","templated":true}]}}