{"id":2832,"date":"2022-06-17T10:44:47","date_gmt":"2022-06-17T08:44:47","guid":{"rendered":"https:\/\/www.officinemeccanichefeletti.com\/legal-information\/"},"modified":"2022-06-17T10:47:56","modified_gmt":"2022-06-17T08:47:56","slug":"legal-information","status":"publish","type":"page","link":"https:\/\/www.officinemeccanichefeletti.com\/de\/legal-information\/","title":{"rendered":"Legal information"},"content":{"rendered":"<p><strong>GESELLSCHAFTSDATEN<\/strong><\/p>\n<p>Gesellschaftsname: FELETTI SAS DI FELETTI MAURO &amp; C.<br \/>\nGesch\u00e4fts- und Betriebssitz: VIA G. GALILEI 41 Z.I. RAMERA, 31010 &#8211; MARENO DI PIAVE (TV)<br \/>\nGesch\u00e4fts- und Betriebssitz: VIA G. GALILEI 41 Z.I. RAMERA, 31010 &#8211; MARENO DI PIAVE (TV)<br \/>\nSteuernummer: 02422010260<br \/>\nUmsatzsteuer-Identifikationsnummer: 02422010260<\/p>\n<p><strong>INFORMATIONSSCHRIFTEN UND EINWILLIGUNGEN DES UNTERNEHMENS<\/strong><\/p>\n<p><strong>FELETTI SAS DI FELETTI MAURO &amp; C.<\/strong><\/p>\n<p><a href=\"https:\/\/www.officinemeccanichefeletti.com\/de\/privacy-policy\/\" target=\"_blank\" rel=\"noopener\"><strong><u>Informationsschrift des Unternehmens zur Datenverarbeitung\u00a0<\/u><\/strong>\u00a0<em>(<\/em>https:\/\/www.officinemeccanichefeletti.com\/de\/privacy-policy\/)<br \/>\n<\/a><a href=\"https:\/\/www.officinemeccanichefeletti.com\/de\/cookie-policy\/\" target=\"_blank\" rel=\"noopener\"><strong><u>Einwilligung nach Aufkl\u00e4rung des Unternehmens \u00fcber die Datenverarbeitung\u00a0<\/u><\/strong><em>(<\/em>https:\/\/www.officinemeccanichefeletti.com\/de\/cookie-policy\/)<br \/>\n<\/a><\/p>\n<p><strong>HINWEISE ZU URHEBERRECHTEN UND EINGETRAGENEN WARENZEICHEN<\/strong><\/p>\n<p>Der gesamte Inhalt dieser Website wird von den Urheberrechten (copyright \u00a9) 2022 der Firma FELETTI SAS DI FELETTI MAURO &amp; C.oder ihrer Zulieferer gesch\u00fctzt. Alle Rechte sind den Eigent\u00fcmern gesetzlich vorbehalten.<br \/>\nGem\u00e4\u00df Art. 1, Absatz 1 des Gesetzesdekrets Nr. 72 vom 22. M\u00e4rz 2004, so wie durch das Umwandlungsgesetz Nr. 128 vom 21. Mai 2004 ge\u00e4ndert, erf\u00fcllen die auf dieser Website befindlichen Inhalte die Verpflichtungen, die sich aus der Gesetzgebung \u00fcber das Urheberrecht und den damit verbundenen Rechten ergeben.<br \/>\nDie Vervielf\u00e4ltigung, die Mitteilung an die \u00d6ffentlichkeit, die \u00f6ffentliche Zug\u00e4nglichmachung, die Vermietung und der Verleih, die \u00f6ffentliche Ausf\u00fchrung und Verbreitung sind ohne Zustimmung des Inhabers der Rechte verboten.<\/p>\n<p>Verst\u00f6\u00dfe unterliegen den Sanktionen der Artikel 171, 171-bis, 171-ter, 174-bis und 174-ter des Gesetzes 633\/1941.<br \/>\nGem\u00e4\u00df Art. 5 des Gesetzes Nr. 633 vom 22. April 1941 \u00fcber den Schutz des Urheberrechts, unterliegen<br \/>\ndie Texte offizieller Dokumente des Staates und der \u00f6ffentlichen Verwaltungen, sowohl in Italien als auch im Ausland, nicht dem Urheberrecht.<br \/>\nDas angegebene Copyright bezieht sich auf die Verarbeitung und Darstellungsform der Texte selbst.<\/p>\n<p>Vermeintliche Urheberrechtsverletzungen<\/p>\n<p>Diese Mitteilungen m\u00fcssen schriftlich erfolgen und an die nachstehende Adresse, Faxnummer oder E-Mail-Adresse des zust\u00e4ndigen Vertreters von<br \/>\nFELETTI SAS DI FELETTI MAURO &amp; C.gesendet werden:<\/p>\n<p>Gesellschaftsname: VIA G. GALILEI 41 Z.I. RAMERA, 31010 &#8211; MARENO DI PIAVE (TV)<br \/>\nGesch\u00e4fts- und Betriebssitz: VIA G. GALILEI 41 Z.I. RAMERA, 31010 &#8211; MARENO DI PIAVE (TV)<br \/>\nPhone: 0438499959 \u2013 Fax: &#8211;<br \/>\neM.\u00a0<a href=\"mailto:amministrazione@officinemeccanichefeletti.com\">amministrazione@officinemeccanichefeletti.com<\/a><\/p>\n","protected":false},"excerpt":{"rendered":"<p>GESELLSCHAFTSDATEN Gesellschaftsname: FELETTI SAS DI FELETTI MAURO &amp; C. Gesch\u00e4fts- und Betriebssitz: VIA G. GALILEI 41 Z.I. RAMERA, 31010 &#8211; MARENO DI PIAVE (TV) Gesch\u00e4fts- und Betriebssitz: VIA G. GALILEI 41 Z.I. RAMERA, 31010 &#8211; MARENO DI PIAVE (TV) Steuernummer: 02422010260 Umsatzsteuer-Identifikationsnummer: 02422010260 INFORMATIONSSCHRIFTEN UND EINWILLIGUNGEN DES UNTERNEHMENS FELETTI SAS DI FELETTI MAURO &amp; C. &hellip;<\/p>\n","protected":false},"author":1,"featured_media":0,"parent":0,"menu_order":0,"comment_status":"closed","ping_status":"closed","template":"","meta":{"footnotes":""},"class_list":["post-2832","page","type-page","status-publish","hentry"],"yoast_head":"<!-- This site is optimized with the Yoast SEO plugin v26.4 - https:\/\/yoast.com\/wordpress\/plugins\/seo\/ -->\n<title>Legal information - Officine meccaniche Feletti<\/title>\n<meta name=\"robots\" content=\"index, follow, max-snippet:-1, max-image-preview:large, max-video-preview:-1\" \/>\n<link rel=\"canonical\" href=\"https:\/\/www.officinemeccanichefeletti.com\/de\/legal-information\/\" \/>\n<meta property=\"og:locale\" content=\"de_DE\" \/>\n<meta property=\"og:type\" content=\"article\" \/>\n<meta property=\"og:title\" content=\"Legal information - Officine meccaniche Feletti\" \/>\n<meta property=\"og:description\" content=\"GESELLSCHAFTSDATEN Gesellschaftsname: FELETTI SAS DI FELETTI MAURO &amp; C. Gesch\u00e4fts- und Betriebssitz: VIA G. GALILEI 41 Z.I. RAMERA, 31010 &#8211; MARENO DI PIAVE (TV) Gesch\u00e4fts- und Betriebssitz: VIA G. GALILEI 41 Z.I. RAMERA, 31010 &#8211; MARENO DI PIAVE (TV) Steuernummer: 02422010260 Umsatzsteuer-Identifikationsnummer: 02422010260 INFORMATIONSSCHRIFTEN UND EINWILLIGUNGEN DES UNTERNEHMENS FELETTI SAS DI FELETTI MAURO &amp; C. &hellip;\" \/>\n<meta property=\"og:url\" content=\"https:\/\/www.officinemeccanichefeletti.com\/de\/legal-information\/\" \/>\n<meta property=\"og:site_name\" content=\"Officine meccaniche Feletti\" \/>\n<meta property=\"article:modified_time\" content=\"2022-06-17T08:47:56+00:00\" \/>\n<meta name=\"twitter:card\" content=\"summary_large_image\" \/>\n<meta name=\"twitter:label1\" content=\"Gesch\u00e4tzte Lesezeit\" \/>\n\t<meta name=\"twitter:data1\" content=\"2\u00a0Minuten\" \/>\n<script type=\"application\/ld+json\" class=\"yoast-schema-graph\">{\"@context\":\"https:\/\/schema.org\",\"@graph\":[{\"@type\":\"WebPage\",\"@id\":\"https:\/\/www.officinemeccanichefeletti.com\/de\/legal-information\/\",\"url\":\"https:\/\/www.officinemeccanichefeletti.com\/de\/legal-information\/\",\"name\":\"Legal information - Officine meccaniche Feletti\",\"isPartOf\":{\"@id\":\"https:\/\/www.officinemeccanichefeletti.com\/#website\"},\"datePublished\":\"2022-06-17T08:44:47+00:00\",\"dateModified\":\"2022-06-17T08:47:56+00:00\",\"breadcrumb\":{\"@id\":\"https:\/\/www.officinemeccanichefeletti.com\/de\/legal-information\/#breadcrumb\"},\"inLanguage\":\"de\",\"potentialAction\":[{\"@type\":\"ReadAction\",\"target\":[\"https:\/\/www.officinemeccanichefeletti.com\/de\/legal-information\/\"]}]},{\"@type\":\"BreadcrumbList\",\"@id\":\"https:\/\/www.officinemeccanichefeletti.com\/de\/legal-information\/#breadcrumb\",\"itemListElement\":[{\"@type\":\"ListItem\",\"position\":1,\"name\":\"Home\",\"item\":\"https:\/\/www.officinemeccanichefeletti.com\/de\/\"},{\"@type\":\"ListItem\",\"position\":2,\"name\":\"Legal information\"}]},{\"@type\":\"WebSite\",\"@id\":\"https:\/\/www.officinemeccanichefeletti.com\/#website\",\"url\":\"https:\/\/www.officinemeccanichefeletti.com\/\",\"name\":\"Officine meccaniche Feletti\",\"description\":\"\",\"publisher\":{\"@id\":\"https:\/\/www.officinemeccanichefeletti.com\/#organization\"},\"potentialAction\":[{\"@type\":\"SearchAction\",\"target\":{\"@type\":\"EntryPoint\",\"urlTemplate\":\"https:\/\/www.officinemeccanichefeletti.com\/?s={search_term_string}\"},\"query-input\":{\"@type\":\"PropertyValueSpecification\",\"valueRequired\":true,\"valueName\":\"search_term_string\"}}],\"inLanguage\":\"de\"},{\"@type\":\"Organization\",\"@id\":\"https:\/\/www.officinemeccanichefeletti.com\/#organization\",\"name\":\"Officine Meccaniche di Precisione Feletti\",\"url\":\"https:\/\/www.officinemeccanichefeletti.com\/\",\"logo\":{\"@type\":\"ImageObject\",\"inLanguage\":\"de\",\"@id\":\"https:\/\/www.officinemeccanichefeletti.com\/#\/schema\/logo\/image\/\",\"url\":\"https:\/\/www.officinemeccanichefeletti.com\/wp-content\/uploads\/2016\/12\/felletti-logo-2x.png\",\"contentUrl\":\"https:\/\/www.officinemeccanichefeletti.com\/wp-content\/uploads\/2016\/12\/felletti-logo-2x.png\",\"width\":400,\"height\":224,\"caption\":\"Officine Meccaniche di Precisione Feletti\"},\"image\":{\"@id\":\"https:\/\/www.officinemeccanichefeletti.com\/#\/schema\/logo\/image\/\"}}]}<\/script>\n<!-- \/ Yoast SEO plugin. -->","yoast_head_json":{"title":"Legal information - Officine meccaniche Feletti","robots":{"index":"index","follow":"follow","max-snippet":"max-snippet:-1","max-image-preview":"max-image-preview:large","max-video-preview":"max-video-preview:-1"},"canonical":"https:\/\/www.officinemeccanichefeletti.com\/de\/legal-information\/","og_locale":"de_DE","og_type":"article","og_title":"Legal information - Officine meccaniche Feletti","og_description":"GESELLSCHAFTSDATEN Gesellschaftsname: FELETTI SAS DI FELETTI MAURO &amp; C. Gesch\u00e4fts- und Betriebssitz: VIA G. GALILEI 41 Z.I. RAMERA, 31010 &#8211; MARENO DI PIAVE (TV) Gesch\u00e4fts- und Betriebssitz: VIA G. GALILEI 41 Z.I. RAMERA, 31010 &#8211; MARENO DI PIAVE (TV) Steuernummer: 02422010260 Umsatzsteuer-Identifikationsnummer: 02422010260 INFORMATIONSSCHRIFTEN UND EINWILLIGUNGEN DES UNTERNEHMENS FELETTI SAS DI FELETTI MAURO &amp; C. &hellip;","og_url":"https:\/\/www.officinemeccanichefeletti.com\/de\/legal-information\/","og_site_name":"Officine meccaniche Feletti","article_modified_time":"2022-06-17T08:47:56+00:00","twitter_card":"summary_large_image","twitter_misc":{"Gesch\u00e4tzte Lesezeit":"2\u00a0Minuten"},"schema":{"@context":"https:\/\/schema.org","@graph":[{"@type":"WebPage","@id":"https:\/\/www.officinemeccanichefeletti.com\/de\/legal-information\/","url":"https:\/\/www.officinemeccanichefeletti.com\/de\/legal-information\/","name":"Legal information - Officine meccaniche Feletti","isPartOf":{"@id":"https:\/\/www.officinemeccanichefeletti.com\/#website"},"datePublished":"2022-06-17T08:44:47+00:00","dateModified":"2022-06-17T08:47:56+00:00","breadcrumb":{"@id":"https:\/\/www.officinemeccanichefeletti.com\/de\/legal-information\/#breadcrumb"},"inLanguage":"de","potentialAction":[{"@type":"ReadAction","target":["https:\/\/www.officinemeccanichefeletti.com\/de\/legal-information\/"]}]},{"@type":"BreadcrumbList","@id":"https:\/\/www.officinemeccanichefeletti.com\/de\/legal-information\/#breadcrumb","itemListElement":[{"@type":"ListItem","position":1,"name":"Home","item":"https:\/\/www.officinemeccanichefeletti.com\/de\/"},{"@type":"ListItem","position":2,"name":"Legal information"}]},{"@type":"WebSite","@id":"https:\/\/www.officinemeccanichefeletti.com\/#website","url":"https:\/\/www.officinemeccanichefeletti.com\/","name":"Officine meccaniche Feletti","description":"","publisher":{"@id":"https:\/\/www.officinemeccanichefeletti.com\/#organization"},"potentialAction":[{"@type":"SearchAction","target":{"@type":"EntryPoint","urlTemplate":"https:\/\/www.officinemeccanichefeletti.com\/?s={search_term_string}"},"query-input":{"@type":"PropertyValueSpecification","valueRequired":true,"valueName":"search_term_string"}}],"inLanguage":"de"},{"@type":"Organization","@id":"https:\/\/www.officinemeccanichefeletti.com\/#organization","name":"Officine Meccaniche di Precisione Feletti","url":"https:\/\/www.officinemeccanichefeletti.com\/","logo":{"@type":"ImageObject","inLanguage":"de","@id":"https:\/\/www.officinemeccanichefeletti.com\/#\/schema\/logo\/image\/","url":"https:\/\/www.officinemeccanichefeletti.com\/wp-content\/uploads\/2016\/12\/felletti-logo-2x.png","contentUrl":"https:\/\/www.officinemeccanichefeletti.com\/wp-content\/uploads\/2016\/12\/felletti-logo-2x.png","width":400,"height":224,"caption":"Officine Meccaniche di Precisione Feletti"},"image":{"@id":"https:\/\/www.officinemeccanichefeletti.com\/#\/schema\/logo\/image\/"}}]}},"_links":{"self":[{"href":"https:\/\/www.officinemeccanichefeletti.com\/de\/wp-json\/wp\/v2\/pages\/2832","targetHints":{"allow":["GET"]}}],"collection":[{"href":"https:\/\/www.officinemeccanichefeletti.com\/de\/wp-json\/wp\/v2\/pages"}],"about":[{"href":"https:\/\/www.officinemeccanichefeletti.com\/de\/wp-json\/wp\/v2\/types\/page"}],"author":[{"embeddable":true,"href":"https:\/\/www.officinemeccanichefeletti.com\/de\/wp-json\/wp\/v2\/users\/1"}],"replies":[{"embeddable":true,"href":"https:\/\/www.officinemeccanichefeletti.com\/de\/wp-json\/wp\/v2\/comments?post=2832"}],"version-history":[{"count":1,"href":"https:\/\/www.officinemeccanichefeletti.com\/de\/wp-json\/wp\/v2\/pages\/2832\/revisions"}],"predecessor-version":[{"id":2837,"href":"https:\/\/www.officinemeccanichefeletti.com\/de\/wp-json\/wp\/v2\/pages\/2832\/revisions\/2837"}],"wp:attachment":[{"href":"https:\/\/www.officinemeccanichefeletti.com\/de\/wp-json\/wp\/v2\/media?parent=2832"}],"curies":[{"name":"wp","href":"https:\/\/api.w.org\/{rel}","templated":true}]}}